{"id":1565,"date":"2015-01-14T19:08:10","date_gmt":"2015-01-14T19:08:10","guid":{"rendered":"http:\/\/vodajelenice.cz\/?page_id=1565"},"modified":"2020-07-03T13:47:44","modified_gmt":"2020-07-03T13:47:44","slug":"videogalerie","status":"publish","type":"page","link":"https:\/\/vodajelenice.cz\/?page_id=1565","title":{"rendered":"Videogalerie"},"content":{"rendered":"<h2>Den vody 2020<\/h2><p><div style=\"width: 640px;\" class=\"wp-video\"><!--[if lt IE 9]><script>document.createElement('video');<\/script><![endif]-->\n<video class=\"wp-video-shortcode\" id=\"video-1565-1\" width=\"640\" height=\"360\" preload=\"metadata\" controls=\"controls\"><source type=\"video\/webm\" src=\"http:\/\/vodajelenice.cz\/video\/Voda2020_heliofic.webm?_=1\" \/><a href=\"http:\/\/vodajelenice.cz\/video\/Voda2020_heliofic.webm\">http:\/\/vodajelenice.cz\/video\/Voda2020_heliofic.webm<\/a><\/video><\/div><h2>Pozn\u00e1vac\u00ed let vrtuln\u00edkem 2020<\/h2><p><video controls=\"controls\" width=\"590\" height=\"295\"><source src=\"http:\/\/vodajelenice.cz\/video\/heli160120sh1_web.webm\" type=\"video\/webm\"><\/video><\/p><h2>Slavnost vody 2017<\/h2><p><div style=\"width: 640px;\" class=\"wp-video\"><video class=\"wp-video-shortcode\" id=\"video-1565-2\" width=\"640\" height=\"360\" preload=\"metadata\" controls=\"controls\"><source type=\"video\/webm\" src=\"http:\/\/vodajelenice.cz\/video\/wwd17me_web-20170324-095951.webm?_=2\" \/><a href=\"http:\/\/vodajelenice.cz\/video\/wwd17me_web-20170324-095951.webm\">http:\/\/vodajelenice.cz\/video\/wwd17me_web-20170324-095951.webm<\/a><\/video><\/div><h2>Slavnost vody 2016<\/h2><div style=\"width: 720px;\" class=\"wp-video\"><video class=\"wp-video-shortcode\" id=\"video-1565-3\" width=\"720\" height=\"400\" preload=\"metadata\" controls=\"controls\"><source type=\"video\/webm\" src=\"http:\/\/vodajelenice.cz\/wp-content\/uploads\/2015\/01\/wwd16web-153737-25032016.webm?_=3\" \/><a href=\"http:\/\/vodajelenice.cz\/wp-content\/uploads\/2015\/01\/wwd16web-153737-25032016.webm\">http:\/\/vodajelenice.cz\/wp-content\/uploads\/2015\/01\/wwd16web-153737-25032016.webm<\/a><\/video><\/div><h2>Slavnost vody 2015<\/h2><p><video controls=\"controls\" width=\"600\" height=\"300\"><source src=\"http:\/\/vodajelenice.cz\/video\/wwd15MElower3-163017-23032015.webm\" type=\"video\/webm\"><\/video><\/p><h2>Slavnost vody 2014<\/h2><p><video controls=\"controls\" width=\"600\" height=\"300\"><source src=\"http:\/\/vodajelenice.cz\/video\/SLAVNOSTVODY_480.webm\" type=\"video\/webm\"><\/video><\/p>","protected":false},"excerpt":{"rendered":"<p>Den vody 2020Pozn\u00e1vac\u00ed let vrtuln\u00edkem 2020Slavnost vody 2017Slavnost vody 2016Slavnost vody 2015Slavnost vody 2014<\/p>\n","protected":false},"author":1,"featured_media":0,"parent":73,"menu_order":2,"comment_status":"closed","ping_status":"open","template":"","meta":{"ngg_post_thumbnail":0},"_links":{"self":[{"href":"https:\/\/vodajelenice.cz\/index.php?rest_route=\/wp\/v2\/pages\/1565"}],"collection":[{"href":"https:\/\/vodajelenice.cz\/index.php?rest_route=\/wp\/v2\/pages"}],"about":[{"href":"https:\/\/vodajelenice.cz\/index.php?rest_route=\/wp\/v2\/types\/page"}],"author":[{"embeddable":true,"href":"https:\/\/vodajelenice.cz\/index.php?rest_route=\/wp\/v2\/users\/1"}],"replies":[{"embeddable":true,"href":"https:\/\/vodajelenice.cz\/index.php?rest_route=%2Fwp%2Fv2%2Fcomments&post=1565"}],"version-history":[{"count":15,"href":"https:\/\/vodajelenice.cz\/index.php?rest_route=\/wp\/v2\/pages\/1565\/revisions"}],"predecessor-version":[{"id":3327,"href":"https:\/\/vodajelenice.cz\/index.php?rest_route=\/wp\/v2\/pages\/1565\/revisions\/3327"}],"up":[{"embeddable":true,"href":"https:\/\/vodajelenice.cz\/index.php?rest_route=\/wp\/v2\/pages\/73"}],"wp:attachment":[{"href":"https:\/\/vodajelenice.cz\/index.php?rest_route=%2Fwp%2Fv2%2Fmedia&parent=1565"}],"curies":[{"name":"wp","href":"https:\/\/api.w.org\/{rel}","templated":true}]}}