{"id":35,"date":"2014-08-17T19:32:25","date_gmt":"2014-08-17T18:32:25","guid":{"rendered":"http:\/\/localhost\/voda\/?page_id=35"},"modified":"2014-08-17T19:32:25","modified_gmt":"2014-08-17T18:32:25","slug":"clovek-a-voda","status":"publish","type":"page","link":"http:\/\/vodajelenice.cz\/?page_id=35","title":{"rendered":"\u010clov\u011bk a voda"},"content":{"rendered":"<p><i><strong> \u201e\u2026 v\u00e1\u0161e\u0148 s kterou te\u010f bojuji za \u010distou vodu, proti ka\u017ed\u00e9mu jej\u00edmu zne\u010di\u0161\u0165ov\u00e1n\u00ed, poch\u00e1z\u00ed bezpochyby z obav, aby n\u00e1m \u010dist\u00e1 voda, tento z\u00e1klad, \u017eivota nikdy nechyb\u011bla\u201c<\/strong><\/i><\/p><p>Tento \u00faryvek z knihy spisovatele Alaina Bombarda, \u201eTrose\u010dn\u00edkem z vlastn\u00ed v\u016fle\u201c snad nejl\u00e9pe vystihuje pocit, kter\u00fd jsem z\u00edskal p\u0159i p\u0159e\u010dten\u00ed webov\u00e9 str\u00e1nky Ob\u010dansk\u00e9ho sdru\u017een\u00ed :Voda Jelenice. Jde o \u00fasil\u00ed lid\u00ed o zachov\u00e1n\u00ed \u010dist\u00e9 vody jako z\u00e1klad \u017eivota.<\/p><p>Je v\u0161eobecn\u011b zn\u00e1mo, \u017ee lidsk\u00fd organismus je p\u0159ev\u00e1\u017en\u011b tvo\u0159en z vody. P\u0159eci i lidsk\u00fd z\u00e1rodek \u017eije 9 m\u011bs\u00edc\u016f v plodov\u00e9 vod\u011b.Voda je p\u0159eva\u017euj\u00edc\u00ed slo\u017ekou krve, v\u0161ech org\u00e1n\u016f i tk\u00e1n\u00ed a je dominantn\u00ed slo\u017ekou na\u0161\u00ed hmotnosti. V\u0161echny \u017eivotn\u00ed procesy, kter\u00e9 se odehr\u00e1vaj\u00ed uvnit\u0159 bun\u011bk i mimo n\u011b se uskute\u010d\u0148uj\u00ed pr\u00e1v\u011b prost\u0159ednictv\u00edm t\u011blesn\u00e9 vody. Voda je rezervo\u00e1rem i vyrovn\u00e1vaj\u00edc\u00edm mechanismem tepla, slou\u017e\u00ed rovn\u011b\u017e jako transportn\u00ed prost\u0159edek \u017eivotn\u011b pot\u0159ebn\u00fdch \u017eivin i pro z\u00e1kladn\u00ed oxida\u010dn\u00ed i ionizuj\u00edc\u00ed procesy. Voda je rozhoduj\u00edc\u00edm faktorem pro rozpou\u0161t\u011bj\u00edc\u00ed a detoxika\u010dn\u00ed pochody v lidsk\u00e9m organismu. Jej\u00ed nedostatek vede k dehydrataci, kter\u00e1 m\u016f\u017ee m\u00edt velmi z\u00e1va\u017en\u00e9 n\u00e1sledky.<\/p><p>Voda je z\u00e1kladn\u00ed tekutinou pro \u017eivot na na\u0161\u00ed planet\u011b, kterou nelze ni\u010d\u00edm nahradit. Lid\u00e9 by si m\u011bli uv\u011bdomit, \u017ee jsou a v\u017edy z\u016fstanou sou\u010d\u00e1st\u00ed p\u0159\u00edrody a nem\u011bli by ze sebe d\u011blat vrchol existen\u010dn\u00ed pyramidy. P\u0159\u00edroda je jeden celek zahrnuj\u00edc\u00ed fl\u00f3ru,faunu i \u010dlov\u011bka. Neb\u00fdt p\u0159\u00edrody ne\u017eili bychom. \u017divot na zemi je ve sv\u00e9 p\u0159irozen\u00e9 podstat\u011b n\u00e1dhern\u00fd,\u010dist\u00fd a laskav\u00fd, a proto je nepochopiteln\u00e9, jak mohou b\u00fdt n\u011bkte\u0159\u00ed lid\u00e9 tak slep\u00ed. Za tu dlouhou \u0159\u00e1dku let lid\u00e9 zab\u00edjej\u00ed vodu vpou\u0161t\u011bn\u00edm cel\u00e9 \u0159ady chemick\u00fdch a jin\u00fdch toxick\u00fdch l\u00e1tek, s kter\u00fdmi si voda nedovede poradit a sl\u00e1bne a\u017e um\u00edr\u00e1 a to tak, \u017ee na n\u011bkter\u00fdch m\u00edstech planety nen\u00ed k nalezen\u00ed.<\/p><p>Vzpom\u00edn\u00e1m si, \u017ee jako kluk jsem chod\u00edval s kamar\u00e1dy k prameni Odry, kter\u00fd jsme v\u017edy pe\u010dliv\u011b \u010distili a upravili stejn\u011b jako stud\u00e1nky v podh\u016f\u0159\u00ed Odersk\u00fdch vrch\u016f. Ten kr\u00e1sn\u00fd pocit pr\u00fd\u0161t\u00edc\u00ed \u010dist\u00e9 vody m\u00e1m dodnes a jsem r\u00e1d, \u017ee tato tradice \u201eotv\u00edr\u00e1n\u00ed stud\u00e1nek\u201c se udr\u017euje, proto\u017ee bez vody, t\u00e9to \u017eivotod\u00e1rn\u00e9 s\u00edly by nebyl \u017eivot. A je na n\u00e1s na v\u0161ech, abychom tu kr\u00e1snou, \u010distou a pramenitou vodu zachovali i na\u0161im potomk\u016fm.<\/p><p>Doc.MUDr Otto Lochmann,CS<\/p>","protected":false},"excerpt":{"rendered":"<p>\u201e\u2026 v\u00e1\u0161e\u0148 s kterou te\u010f bojuji za \u010distou vodu, proti ka\u017ed\u00e9mu jej\u00edmu zne\u010di\u0161\u0165ov\u00e1n\u00ed, poch\u00e1z\u00ed bezpochyby z obav, aby n\u00e1m \u010dist\u00e1 voda, tento z\u00e1klad, \u017eivota nikdy nechyb\u011bla\u201cTento \u00faryvek z knihy spisovatele Alaina Bombarda, \u201eTrose\u010dn\u00edkem z vlastn\u00ed v\u016fle\u201c snad nejl\u00e9pe vystihuje pocit, kter\u00fd jsem z\u00edskal p\u0159i p\u0159e\u010dten\u00ed webov\u00e9 str\u00e1nky Ob\u010dansk\u00e9ho sdru\u017een\u00ed :Voda Jelenice. Jde o \u00fasil\u00ed lid\u00ed [&hellip;]<\/p>\n","protected":false},"author":1,"featured_media":0,"parent":7,"menu_order":4,"comment_status":"closed","ping_status":"open","template":"","meta":{"ngg_post_thumbnail":0},"_links":{"self":[{"href":"http:\/\/vodajelenice.cz\/index.php?rest_route=\/wp\/v2\/pages\/35"}],"collection":[{"href":"http:\/\/vodajelenice.cz\/index.php?rest_route=\/wp\/v2\/pages"}],"about":[{"href":"http:\/\/vodajelenice.cz\/index.php?rest_route=\/wp\/v2\/types\/page"}],"author":[{"embeddable":true,"href":"http:\/\/vodajelenice.cz\/index.php?rest_route=\/wp\/v2\/users\/1"}],"replies":[{"embeddable":true,"href":"http:\/\/vodajelenice.cz\/index.php?rest_route=%2Fwp%2Fv2%2Fcomments&post=35"}],"version-history":[{"count":0,"href":"http:\/\/vodajelenice.cz\/index.php?rest_route=\/wp\/v2\/pages\/35\/revisions"}],"up":[{"embeddable":true,"href":"http:\/\/vodajelenice.cz\/index.php?rest_route=\/wp\/v2\/pages\/7"}],"wp:attachment":[{"href":"http:\/\/vodajelenice.cz\/index.php?rest_route=%2Fwp%2Fv2%2Fmedia&parent=35"}],"curies":[{"name":"wp","href":"https:\/\/api.w.org\/{rel}","templated":true}]}}